{"id":2222,"date":"2024-11-02T19:46:38","date_gmt":"2024-11-02T18:46:38","guid":{"rendered":"https:\/\/www.ade-bahntechnik.com\/?page_id=2222"},"modified":"2025-02-25T12:14:08","modified_gmt":"2025-02-25T11:14:08","slug":"impressum","status":"publish","type":"page","link":"https:\/\/www.ade-bahntechnik.com\/de\/impressum\/","title":{"rendered":"Impressum"},"content":{"rendered":"\t\t<div data-elementor-type=\"wp-page\" data-elementor-id=\"2222\" class=\"elementor elementor-2222\">\n\t\t\t\t<div class=\"elementor-element elementor-element-91d42b5 e-flex e-con-boxed wpr-particle-no wpr-jarallax-no wpr-parallax-no wpr-sticky-section-no wpr-equal-height-no e-con e-parent\" data-id=\"91d42b5\" data-element_type=\"container\" data-e-type=\"container\" data-settings=\"{&quot;background_background&quot;:&quot;classic&quot;}\">\n\t\t\t\t\t<div class=\"e-con-inner\">\n\t\t\t\t<div class=\"elementor-element elementor-element-d5fce67 elementor-widget elementor-widget-heading\" data-id=\"d5fce67\" data-element_type=\"widget\" data-e-type=\"widget\" data-widget_type=\"heading.default\">\n\t\t\t\t<div class=\"elementor-widget-container\">\n\t\t\t\t\t<h2 class=\"elementor-heading-title elementor-size-default\">Impressum<\/h2>\t\t\t\t<\/div>\n\t\t\t\t<\/div>\n\t\t\t\t<div class=\"elementor-element elementor-element-806c177 elementor-widget elementor-widget-text-editor\" data-id=\"806c177\" data-element_type=\"widget\" data-e-type=\"widget\" data-widget_type=\"text-editor.default\">\n\t\t\t\t<div class=\"elementor-widget-container\">\n\t\t\t\t\t\t\t\t\t<div id=\"panel-229-0-0-0\" class=\"so-panel widget widget_sow-editor panel-first-child\" data-index=\"0\"><div class=\"so-widget-sow-editor so-widget-sow-editor-base\"><div class=\"siteorigin-widget-tinymce textwidget\"><h2>Angaben gem\u00e4\u00df \u00a7 5 TMG<\/h2><p>ADE Bahntechnik<br \/>Robert Bosch Stra\u00dfe 200<br \/>31139 Hildesheim<br \/><br \/><br \/><strong>Vertreten durch:<\/strong><br \/>J\u00f6rg Herwig<br \/>J\u00f6rg Kempe<br \/><br \/><br \/><strong>Gesch\u00e4ftsf\u00fchrer<\/strong><br \/>J\u00f6rg Ralf Herwig<br \/>Salzburg \/ \u00d6sterreich<br \/>J\u00f6rg Kempe<br \/>Wolfenb\u00fcttel<br \/><strong><br \/>Handelregistereintrag:<\/strong> <br \/>Amtsgericht Hildesheim HRB 209490 <\/p><h2>Kontakt<\/h2><p>Telefon: +49 160 97525750<br \/>E-Mail: info@bahntechnik.com<\/p><h2>Umsatzsteuer-ID<\/h2><p>Umsatzsteuer-Identifikationsnummer gem\u00e4\u00df \u00a7 27 a Umsatzsteuergesetz:<\/p><p>folgt<\/p><h2>Verbraucher\u00adstreit\u00adbeilegung\/Universal\u00adschlichtungs\u00adstelle<\/h2><p>Wir sind nicht bereit oder verpflichtet, an Streitbeilegungsverfahren vor einer Verbraucherschlichtungsstelle teilzunehmen.<\/p><p>Quelle: <a style=\"color: #ffffff;\" href=\"https:\/\/www.e-recht24.de\" target=\"_blank\" rel=\"nofollow noopener\">e-recht24.de<\/a><\/p><\/div><\/div><\/div><div id=\"panel-229-0-0-1\" class=\"so-panel widget widget_sow-editor panel-last-child\" data-index=\"1\"><div class=\"so-widget-sow-editor so-widget-sow-editor-base\"><div class=\"siteorigin-widget-tinymce textwidget\"><div class=\"wpb_column vc_column_container vc_col-sm-12\"><div class=\"vc_column-inner\"><div class=\"wpb_wrapper\"><div class=\"wpb_text_column wpb_content_element \"><div class=\"wpb_wrapper\"><div><p><strong>Urheberrecht<\/strong><\/p><p align=\"justify\">Falls nicht anders angegeben, unterliegen alle Seiten auf diesem Server der ADE Bahntechnik dem Urheberrecht (Copyright). Dies gilt insbesondere f\u00fcr Texte, Bilder, Grafiken, Ton-, Video- oder Animationsdateien einschlie\u00dflich deren Anordnung auf den Web-Seiten. Eine Vervielf\u00e4ltigung oder Verwendung solcher Seiten (oder Teilen davon) in anderen elektronischen oder gedruckten Publikationen und deren Ver\u00f6ffentlichung (auch im Internet) ist nur nach vorheriger Genehmigung gestattet. Weiterhin k\u00f6nnen Bilder, Grafiken, Text- oder sonstige Dateien ganz oder teilweise dem Urheberrecht Dritter unterliegen. Alle innerhalb des Internetangebotes genannten und ggf. durch Dritte gesch\u00fctzten Marken- und Warenzeichen unterliegen uneingeschr\u00e4nkt den Bestimmungen des jeweils g\u00fcltigen Kennzeichenrechts und den Besitzrechten der jeweiligen eingetragenen Eigent\u00fcmer. Allein aufgrund der blo\u00dfen Nennung in unserem Internetangebot ist nicht der Schluss zu ziehen, dass Markenzeichen nicht durch Rechte Dritter gesch\u00fctzt sind.<\/p><p><strong>Haftungsausschluss<\/strong><\/p><p align=\"justify\">ADE Bahntechnik hat alle in ihrem Bereich bereitgestellten Informationen nach bestem Wissen und Gewissen erarbeitet und gepr\u00fcft. Es wird jedoch keine Gew\u00e4hr f\u00fcr die Aktualit\u00e4t, Richtigkeit, Vollst\u00e4ndigkeit oder Qualit\u00e4t und jederzeitige Verf\u00fcgbarkeit der bereit gestellten Informationen \u00fcbernommen. Unbeschadet der Regelungen des \u00a7 675 Absatz 2 BGB gilt f\u00fcr das bereitgestellte Informationsangebot folgende Haftungsbeschr\u00e4nkung: ADE Bahntechnik haftet nicht f\u00fcr Sch\u00e4den, die durch die Nutzung oder Nichtnutzung der im Internetangebot der ADE Bahntechnik angebotenen Informationen entstehen. F\u00fcr etwaige Sch\u00e4den, die beim Aufrufen oder herunterladen von Daten durch Computerviren oder der Installation oder Nutzung von Software verursacht werden, wird nicht gehaftet. Namentlich gekennzeichnete Internetseiten geben die Auffassungen und Erkenntnisse der abfassenden Personen wieder. ADE Bahntechnik beh\u00e4lt es sich ausdr\u00fccklich vor, einzelne Webseiten oder das gesamte Angebot ohne gesonderte Ank\u00fcndigung zu ver\u00e4ndern, zu erg\u00e4nzen, zu l\u00f6schen oder die Ver\u00f6ffentlichung zeitweise oder endg\u00fcltig einzustellen.<\/p><p><strong>Links &amp; Verweise<\/strong><\/p><p align=\"justify\">ADE Bahntechnik ist nur f\u00fcr die \u201eeigenen Inhalte\u201c, die es zur Nutzung bereith\u00e4lt, nach den einschl\u00e4gigen Gesetzen verantwortlich. Von diesen eigenen Inhalten sind Querverweise (\u201eLinks\u201c) auf die Webseiten anderer Anbieter zu unterscheiden. Durch den als \u201eLink\u201c gekennzeichneten Querverweis erm\u00f6glicht die ADE Bahntechnik den Zugang zu \u201efremden Inhalten\u201c. Durch den Querverweis vermittelt ADE Bahntechnik lediglich den Zugang zur Nutzung dieser Inhalte. F\u00fcr diese \u201efremden\u201c Inhalte ist sie nicht verantwortlich, da sie die \u00dcbermittlung der Information nicht veranlasst, den Adressaten der \u00fcbermittelten Informationen nicht ausw\u00e4hlt und die \u00fcbermittelten Informationen auch nicht ausgew\u00e4hlt oder ver\u00e4ndert hat. Auch eine automatische kurzzeitige Zwischenspeicherung dieser \u201efremden Informationen\u201c erfolgt wegen der gew\u00e4hlten Aufruf- und Verlinkungsmethodik nicht, so dass sich auch dadurch keine Verantwortlichkeit f\u00fcr diese fremden Inhalte ergibt. Bei der erstmaligen Verkn\u00fcpfung mit diesen Internetangeboten hat ADE Bahntechnik den fremden Inhalt jedoch daraufhin \u00fcberpr\u00fcft, ob durch ihn eine m\u00f6gliche zivilrechtliche oder strafrechtliche Verantwortlichkeit ausgel\u00f6st wird. Sobald ADE Bahntechnik jedoch feststellt oder von anderen darauf hingewiesen wird, dass ein konkretes Angebot, zu dem es einen Link bereitgestellt hat, eine zivil- oder strafrechtliche Verantwortlichkeit ausl\u00f6st, wird es den Verweis auf dieses Angebot unverz\u00fcglich aufheben, soweit es technisch m\u00f6glich und zumutbar ist. F\u00fcr illegale, fehlerhafte oder unvollst\u00e4ndige Inhalte und insbesondere f\u00fcr Sch\u00e4den, die aus der Nutzung oder Nichtnutzung von Informationen Dritter entstehen, haftet allein der jeweilige Anbieter der Seite, auf welche verwiesen wurde.<\/p><p><strong>SSL-Verschl\u00fcsselung <\/strong><\/p><p>Um Ihre \u00fcbermittelten Daten bestm\u00f6glich zu sch\u00fctzen nutzen wir eine SSL-Verschl\u00fcsselung. Sie erkennen derart verschl\u00fcsselte Verbindungen an dem Pr\u00e4fix \u201chttps:\/\/\u201c im Seitenlink in der Adresszeile Ihres Browsers. Unverschl\u00fcsselte Seite sind durch \u201ehttp:\/\/\u201c gekennzeichnet. S\u00e4mtliche Daten, welche Sie an diese Website \u00fcbermitteln \u2013 etwa bei Anfragen oder Logins \u2013 k\u00f6nnen dank SSL-Verschl\u00fcsselung nicht von Dritten gelesen werden.<\/p><p><strong>Geltungsbereich<\/strong><\/p><p>Diese Datenschutzerkl\u00e4rung soll die Nutzer dieser Website gem\u00e4\u00df Bundesdatenschutzgesetz und Telemediengesetz \u00fcber die Art, den Umfang und den Zweck der Erhebung und Verwendung personenbezogener Daten durch den Websitebetreiber informieren.<\/p><p>ADE Bahntechnik nimmt Ihren Datenschutz sehr ernst und behandelt Ihre personenbezogenen Daten vertraulich und entsprechend der gesetzlichen Vorschriften.<\/p><p>Bedenken Sie, dass die Daten\u00fcbertragung im Internet grunds\u00e4tzlich mit Sicherheitsl\u00fccken bedacht sein kann. Ein vollumf\u00e4nglicher Schutz vor dem Zugriff durch Fremde ist nicht realisierbar.<\/p><\/div><\/div><\/div><\/div><\/div><\/div><\/div><\/div><\/div>\t\t\t\t\t\t\t\t<\/div>\n\t\t\t\t<\/div>\n\t\t\t\t\t<\/div>\n\t\t\t\t<\/div>\n\t\t\t\t<\/div>\n\t\t","protected":false},"excerpt":{"rendered":"<p>Impressum Angaben gem\u00e4\u00df \u00a7 5 TMG ADE Bahntechnik Robert Bosch Stra\u00dfe 200 31139 Hildesheim Vertreten durch: J\u00f6rg Herwig J\u00f6rg Kempe Gesch\u00e4ftsf\u00fchrer J\u00f6rg Ralf Herwig Salzburg \/ \u00d6sterreich J\u00f6rg Kempe Wolfenb\u00fcttel Handelregistereintrag: folgt Kontakt Telefon: +49 160 97525750 E-Mail: info@bahntechnik.com Umsatzsteuer-ID Umsatzsteuer-Identifikationsnummer gem\u00e4\u00df \u00a7 27 a Umsatzsteuergesetz: folgt Verbraucher\u00adstreit\u00adbeilegung\/Universal\u00adschlichtungs\u00adstelle Wir sind nicht bereit oder verpflichtet, an Streitbeilegungsverfahren vor einer Verbraucherschlichtungsstelle teilzunehmen. Quelle: e-recht24.de Urheberrecht Falls nicht anders angegeben, unterliegen alle Seiten auf diesem Server der ADE Bahntechnik dem Urheberrecht (Copyright). Dies gilt insbesondere f\u00fcr Texte, Bilder, Grafiken, Ton-, Video- oder Animationsdateien einschlie\u00dflich deren Anordnung auf den Web-Seiten. Eine Vervielf\u00e4ltigung oder Verwendung solcher Seiten (oder Teilen davon) in anderen elektronischen oder gedruckten Publikationen und deren Ver\u00f6ffentlichung (auch im Internet) ist nur nach vorheriger Genehmigung gestattet. Weiterhin k\u00f6nnen Bilder, Grafiken, Text- oder sonstige Dateien ganz oder teilweise dem Urheberrecht Dritter unterliegen. Alle innerhalb des Internetangebotes genannten und ggf. durch Dritte gesch\u00fctzten Marken- und Warenzeichen unterliegen uneingeschr\u00e4nkt den Bestimmungen des jeweils g\u00fcltigen Kennzeichenrechts und den Besitzrechten der jeweiligen eingetragenen Eigent\u00fcmer. Allein aufgrund der blo\u00dfen Nennung in unserem Internetangebot ist nicht der Schluss zu ziehen, dass Markenzeichen nicht durch Rechte Dritter gesch\u00fctzt sind. Haftungsausschluss ADE Bahntechnik hat alle in ihrem Bereich bereitgestellten Informationen nach bestem Wissen und Gewissen erarbeitet und gepr\u00fcft. Es wird jedoch keine Gew\u00e4hr f\u00fcr die Aktualit\u00e4t, Richtigkeit, Vollst\u00e4ndigkeit oder Qualit\u00e4t und jederzeitige Verf\u00fcgbarkeit der bereit gestellten Informationen \u00fcbernommen. Unbeschadet der Regelungen des \u00a7 675 Absatz 2 BGB gilt f\u00fcr das bereitgestellte Informationsangebot folgende Haftungsbeschr\u00e4nkung: ADE Bahntechnik haftet nicht f\u00fcr Sch\u00e4den, die durch die Nutzung oder Nichtnutzung der im Internetangebot der ADE Bahntechnik angebotenen Informationen entstehen. F\u00fcr etwaige Sch\u00e4den, die beim Aufrufen oder herunterladen von Daten durch Computerviren oder der Installation oder Nutzung von Software verursacht werden, wird nicht gehaftet. Namentlich gekennzeichnete Internetseiten geben die Auffassungen und Erkenntnisse der abfassenden Personen wieder. ADE Bahntechnik beh\u00e4lt es sich ausdr\u00fccklich vor, einzelne Webseiten oder das gesamte Angebot ohne gesonderte Ank\u00fcndigung zu ver\u00e4ndern, zu erg\u00e4nzen, zu l\u00f6schen oder die Ver\u00f6ffentlichung zeitweise oder endg\u00fcltig einzustellen. Links &#038; Verweise ADE Bahntechnik ist nur f\u00fcr die \u201eeigenen Inhalte\u201c, die es zur Nutzung bereith\u00e4lt, nach den einschl\u00e4gigen Gesetzen verantwortlich. Von diesen eigenen Inhalten sind Querverweise (\u201eLinks\u201c) auf die Webseiten anderer Anbieter zu unterscheiden. Durch den als \u201eLink\u201c gekennzeichneten Querverweis erm\u00f6glicht die ADE Bahntechnik den Zugang zu \u201efremden Inhalten\u201c. Durch den Querverweis vermittelt ADE Bahntechnik lediglich den Zugang zur Nutzung dieser Inhalte. F\u00fcr diese \u201efremden\u201c Inhalte ist sie nicht verantwortlich, da sie die \u00dcbermittlung der Information nicht veranlasst, den Adressaten der \u00fcbermittelten Informationen nicht ausw\u00e4hlt und die \u00fcbermittelten Informationen auch nicht ausgew\u00e4hlt oder ver\u00e4ndert hat. Auch eine automatische kurzzeitige Zwischenspeicherung dieser \u201efremden Informationen\u201c erfolgt wegen der gew\u00e4hlten Aufruf- und Verlinkungsmethodik nicht, so dass sich auch dadurch keine Verantwortlichkeit f\u00fcr diese fremden Inhalte ergibt. Bei der erstmaligen Verkn\u00fcpfung mit diesen Internetangeboten hat ADE Bahntechnik den fremden Inhalt jedoch daraufhin \u00fcberpr\u00fcft, ob durch ihn eine m\u00f6gliche zivilrechtliche oder strafrechtliche Verantwortlichkeit ausgel\u00f6st wird. Sobald ADE Bahntechnik jedoch feststellt oder von anderen darauf hingewiesen wird, dass ein konkretes Angebot, zu dem es einen Link bereitgestellt hat, eine zivil- oder strafrechtliche Verantwortlichkeit ausl\u00f6st, wird es den Verweis auf dieses Angebot unverz\u00fcglich aufheben, soweit es technisch m\u00f6glich und zumutbar ist. F\u00fcr illegale, fehlerhafte oder unvollst\u00e4ndige Inhalte und insbesondere f\u00fcr Sch\u00e4den, die aus der Nutzung oder Nichtnutzung von Informationen Dritter entstehen, haftet allein der jeweilige Anbieter der Seite, auf welche verwiesen wurde. SSL-Verschl\u00fcsselung Um Ihre \u00fcbermittelten Daten bestm\u00f6glich zu sch\u00fctzen nutzen wir eine SSL-Verschl\u00fcsselung. Sie erkennen derart verschl\u00fcsselte Verbindungen an dem Pr\u00e4fix \u201chttps:\/\/\u201c im Seitenlink in der Adresszeile Ihres Browsers. Unverschl\u00fcsselte Seite sind durch \u201ehttp:\/\/\u201c gekennzeichnet. S\u00e4mtliche Daten, welche Sie an diese Website \u00fcbermitteln \u2013 etwa bei Anfragen oder Logins \u2013 k\u00f6nnen dank SSL-Verschl\u00fcsselung nicht von Dritten gelesen werden. Geltungsbereich Diese Datenschutzerkl\u00e4rung soll die Nutzer dieser Website gem\u00e4\u00df Bundesdatenschutzgesetz und Telemediengesetz \u00fcber die Art, den Umfang und den Zweck der Erhebung und Verwendung personenbezogener Daten durch den Websitebetreiber informieren. ADE Bahntechnik nimmt Ihren Datenschutz sehr ernst und behandelt Ihre personenbezogenen Daten vertraulich und entsprechend der gesetzlichen Vorschriften. Bedenken Sie, dass die Daten\u00fcbertragung im Internet grunds\u00e4tzlich mit Sicherheitsl\u00fccken bedacht sein kann. Ein vollumf\u00e4nglicher Schutz vor dem Zugriff durch Fremde ist nicht realisierbar.<\/p>\n","protected":false},"author":1,"featured_media":0,"parent":0,"menu_order":0,"comment_status":"closed","ping_status":"closed","template":"elementor_canvas","meta":{"footnotes":""},"class_list":["post-2222","page","type-page","status-publish","hentry"],"_links":{"self":[{"href":"https:\/\/www.ade-bahntechnik.com\/de\/wp-json\/wp\/v2\/pages\/2222","targetHints":{"allow":["GET"]}}],"collection":[{"href":"https:\/\/www.ade-bahntechnik.com\/de\/wp-json\/wp\/v2\/pages"}],"about":[{"href":"https:\/\/www.ade-bahntechnik.com\/de\/wp-json\/wp\/v2\/types\/page"}],"author":[{"embeddable":true,"href":"https:\/\/www.ade-bahntechnik.com\/de\/wp-json\/wp\/v2\/users\/1"}],"replies":[{"embeddable":true,"href":"https:\/\/www.ade-bahntechnik.com\/de\/wp-json\/wp\/v2\/comments?post=2222"}],"version-history":[{"count":22,"href":"https:\/\/www.ade-bahntechnik.com\/de\/wp-json\/wp\/v2\/pages\/2222\/revisions"}],"predecessor-version":[{"id":3118,"href":"https:\/\/www.ade-bahntechnik.com\/de\/wp-json\/wp\/v2\/pages\/2222\/revisions\/3118"}],"wp:attachment":[{"href":"https:\/\/www.ade-bahntechnik.com\/de\/wp-json\/wp\/v2\/media?parent=2222"}],"curies":[{"name":"wp","href":"https:\/\/api.w.org\/{rel}","templated":true}]}}